{"id":230,"date":"2024-02-05T22:34:31","date_gmt":"2024-02-05T22:34:31","guid":{"rendered":"https:\/\/metvaerket.dk\/?page_id=230"},"modified":"2024-08-09T10:52:15","modified_gmt":"2024-08-09T08:52:15","slug":"tak-til","status":"publish","type":"page","link":"https:\/\/metvaerket.dk\/index.php\/tak-til\/","title":{"rendered":"Tak til"},"content":{"rendered":"\n<h1 class=\"wp-block-heading has-text-align-left is-style-default\">Tak til<\/h1>\n\n\n\n<h4 class=\"wp-block-heading\">MetV\u00e6rkets mission er at lave aktiviteter til gl\u00e6de og gavn for mennesker med uhelbredelig kr\u00e6ft og deres p\u00e5r\u00f8rende. Det kan vi ikke g\u00f8re uden hj\u00e6lp &#8211; Vi er derfor meget taknemmelige for den st\u00f8tte vi f\u00e5r.<\/h4>\n\n\n\n<div style=\"height:30px\" aria-hidden=\"true\" class=\"wp-block-spacer\"><\/div>\n\n\n\n<div class=\"wp-block-columns is-layout-flex wp-container-core-columns-layout-4 wp-block-columns-is-layout-flex\">\n<div class=\"wp-block-column is-layout-flow wp-block-column-is-layout-flow\">\n<div class=\"wp-block-columns alignwide is-layout-flex wp-container-core-columns-layout-1 wp-block-columns-is-layout-flex\" style=\"margin-top:0;margin-bottom:0\">\n<div class=\"wp-block-column is-layout-flow wp-container-core-column-layout-1 wp-block-column-is-layout-flow\">\n<figure class=\"wp-block-image size-large\"><img loading=\"lazy\" decoding=\"async\" width=\"1024\" height=\"512\" src=\"https:\/\/metvaerket.dk\/wp-content\/uploads\/2024\/02\/675_Frivillighuset_Aalborg-1024x512.jpg\" alt=\"\" class=\"wp-image-323\" srcset=\"https:\/\/metvaerket.dk\/wp-content\/uploads\/2024\/02\/675_Frivillighuset_Aalborg-1024x512.jpg 1024w, https:\/\/metvaerket.dk\/wp-content\/uploads\/2024\/02\/675_Frivillighuset_Aalborg-300x150.jpg 300w, https:\/\/metvaerket.dk\/wp-content\/uploads\/2024\/02\/675_Frivillighuset_Aalborg-768x384.jpg 768w, https:\/\/metvaerket.dk\/wp-content\/uploads\/2024\/02\/675_Frivillighuset_Aalborg.jpg 1350w\" sizes=\"(max-width: 1024px) 100vw, 1024px\" \/><figcaption class=\"wp-element-caption\">&#8220;Tak til De Frivilliges Hus Aalborg Frivillighuset for r\u00e5d og vejledning&#8221; <\/figcaption><\/figure>\n\n\n\n<div class=\"wp-block-buttons is-layout-flex wp-block-buttons-is-layout-flex\">\n<div class=\"wp-block-button is-style-outline\"><a class=\"wp-block-button__link wp-element-button\" href=\"https:\/\/frivillighuset.dk\/\" target=\"_blank\" rel=\"noreferrer noopener\">De Frivilliges Hus<\/a><\/div>\n<\/div>\n<\/div>\n\n\n\n<div class=\"wp-block-column is-layout-flow wp-container-core-column-layout-2 wp-block-column-is-layout-flow\">\n<figure class=\"wp-block-image size-large size-full\"><img loading=\"lazy\" decoding=\"async\" width=\"1024\" height=\"512\" src=\"https:\/\/metvaerket.dk\/wp-content\/uploads\/2024\/02\/675_SparekassenKronjylland-1024x512.jpg\" alt=\"\" class=\"wp-image-330\" srcset=\"https:\/\/metvaerket.dk\/wp-content\/uploads\/2024\/02\/675_SparekassenKronjylland-1024x512.jpg 1024w, https:\/\/metvaerket.dk\/wp-content\/uploads\/2024\/02\/675_SparekassenKronjylland-300x150.jpg 300w, https:\/\/metvaerket.dk\/wp-content\/uploads\/2024\/02\/675_SparekassenKronjylland-768x384.jpg 768w, https:\/\/metvaerket.dk\/wp-content\/uploads\/2024\/02\/675_SparekassenKronjylland.jpg 1350w\" sizes=\"(max-width: 1024px) 100vw, 1024px\" \/><figcaption class=\"wp-element-caption\">&#8220;Tak til vores sparekasse for hj\u00e6lp i forbindelse med opstart af foreningen.&#8221;<\/figcaption><\/figure>\n\n\n\n<div class=\"wp-block-buttons is-layout-flex wp-block-buttons-is-layout-flex\">\n<div class=\"wp-block-button is-style-outline\"><a class=\"wp-block-button__link wp-element-button\" href=\"https:\/\/www.sparkron.dk\/\" target=\"_blank\" rel=\"noreferrer noopener\">Sparekassen<\/a><\/div>\n<\/div>\n<\/div>\n\n\n\n<div class=\"wp-block-column is-layout-flow wp-container-core-column-layout-3 wp-block-column-is-layout-flow\">\n<figure class=\"wp-block-image size-large\"><img loading=\"lazy\" decoding=\"async\" width=\"1024\" height=\"512\" src=\"https:\/\/metvaerket.dk\/wp-content\/uploads\/2024\/02\/675_Oertoft-1024x512.jpg\" alt=\"\" class=\"wp-image-596\" srcset=\"https:\/\/metvaerket.dk\/wp-content\/uploads\/2024\/02\/675_Oertoft-1024x512.jpg 1024w, https:\/\/metvaerket.dk\/wp-content\/uploads\/2024\/02\/675_Oertoft-300x150.jpg 300w, https:\/\/metvaerket.dk\/wp-content\/uploads\/2024\/02\/675_Oertoft-768x384.jpg 768w, https:\/\/metvaerket.dk\/wp-content\/uploads\/2024\/02\/675_Oertoft.jpg 1350w\" sizes=\"(max-width: 1024px) 100vw, 1024px\" \/><figcaption class=\"wp-element-caption\">&#8220;Tak til Inge \u00d8rtoft fra Nybolig for hj\u00e6lp til at lave flere stjernestunder\/aktiviteter&#8221; <\/figcaption><\/figure>\n\n\n\n<div class=\"wp-block-buttons is-layout-flex wp-block-buttons-is-layout-flex\">\n<div class=\"wp-block-button is-style-outline\"><a class=\"wp-block-button__link wp-element-button\" href=\"https:\/\/www.nybolig.dk\/ejendomsmaeglere\/nordjylland\/nybolig-palle-oertoft-vejgaard\" target=\"_blank\" rel=\"noreferrer noopener\">Nybolig<\/a><\/div>\n<\/div>\n<\/div>\n\n\n\n<div class=\"wp-block-column is-layout-flow wp-container-core-column-layout-4 wp-block-column-is-layout-flow\">\n<div style=\"height:20px\" aria-hidden=\"true\" class=\"wp-block-spacer\"><\/div>\n\n\n\n<figure class=\"wp-block-image size-large\"><img loading=\"lazy\" decoding=\"async\" width=\"1024\" height=\"512\" src=\"https:\/\/metvaerket.dk\/wp-content\/uploads\/2024\/03\/675_vi_siger_tak-1024x512.jpg\" alt=\"\" class=\"wp-image-723\" srcset=\"https:\/\/metvaerket.dk\/wp-content\/uploads\/2024\/03\/675_vi_siger_tak-1024x512.jpg 1024w, https:\/\/metvaerket.dk\/wp-content\/uploads\/2024\/03\/675_vi_siger_tak-300x150.jpg 300w, https:\/\/metvaerket.dk\/wp-content\/uploads\/2024\/03\/675_vi_siger_tak-768x384.jpg 768w, https:\/\/metvaerket.dk\/wp-content\/uploads\/2024\/03\/675_vi_siger_tak.jpg 1350w\" sizes=\"(max-width: 1024px) 100vw, 1024px\" \/><\/figure>\n<\/div>\n<\/div>\n\n\n\n<div class=\"wp-block-columns is-layout-flex wp-container-core-columns-layout-3 wp-block-columns-is-layout-flex\">\n<div class=\"wp-block-column is-layout-flow wp-block-column-is-layout-flow\">\n<div class=\"wp-block-columns is-layout-flex wp-container-core-columns-layout-2 wp-block-columns-is-layout-flex\">\n<div class=\"wp-block-column is-layout-flow wp-block-column-is-layout-flow\">\n<div style=\"height:20px\" aria-hidden=\"true\" class=\"wp-block-spacer\"><\/div>\n\n\n\n<div style=\"height:20px\" aria-hidden=\"true\" class=\"wp-block-spacer\"><\/div>\n<\/div>\n<\/div>\n<\/div>\n<\/div>\n<\/div>\n<\/div>\n\n\n\n<div class=\"wp-block-columns alignwide is-layout-flex wp-container-core-columns-layout-5 wp-block-columns-is-layout-flex\" style=\"margin-top:0;margin-bottom:0\">\n<div class=\"wp-block-column is-layout-flow wp-container-core-column-layout-8 wp-block-column-is-layout-flow\">\n<figure class=\"wp-block-image size-large size-full\"><img loading=\"lazy\" decoding=\"async\" width=\"1024\" height=\"512\" src=\"https:\/\/metvaerket.dk\/wp-content\/uploads\/2024\/02\/675_nordicway_Logo-1-1024x512.jpg\" alt=\"\" class=\"wp-image-448\" srcset=\"https:\/\/metvaerket.dk\/wp-content\/uploads\/2024\/02\/675_nordicway_Logo-1-1024x512.jpg 1024w, https:\/\/metvaerket.dk\/wp-content\/uploads\/2024\/02\/675_nordicway_Logo-1-300x150.jpg 300w, https:\/\/metvaerket.dk\/wp-content\/uploads\/2024\/02\/675_nordicway_Logo-1-768x384.jpg 768w, https:\/\/metvaerket.dk\/wp-content\/uploads\/2024\/02\/675_nordicway_Logo-1.jpg 1350w\" sizes=\"(max-width: 1024px) 100vw, 1024px\" \/><figcaption class=\"wp-element-caption\">&#8220;Tak til  Nordicway for hj\u00e6lp med flytning og ops\u00e6tning af vores hjemmeside.&#8221;<\/figcaption><\/figure>\n\n\n\n<div class=\"wp-block-buttons is-layout-flex wp-block-buttons-is-layout-flex\">\n<div class=\"wp-block-button is-style-outline\"><a class=\"wp-block-button__link wp-element-button\" href=\"https:\/\/nordicway.dk\/\" target=\"_blank\" rel=\"noreferrer noopener\">Nordicway<\/a><\/div>\n<\/div>\n<\/div>\n\n\n\n<div class=\"wp-block-column is-layout-flow wp-container-core-column-layout-9 wp-block-column-is-layout-flow\">\n<figure class=\"wp-block-image size-large size-full\"><img loading=\"lazy\" decoding=\"async\" width=\"1024\" height=\"512\" src=\"https:\/\/metvaerket.dk\/wp-content\/uploads\/2024\/08\/675_LoneRosenkilde-1024x512.jpg\" alt=\"\" class=\"wp-image-807\" srcset=\"https:\/\/metvaerket.dk\/wp-content\/uploads\/2024\/08\/675_LoneRosenkilde-1024x512.jpg 1024w, https:\/\/metvaerket.dk\/wp-content\/uploads\/2024\/08\/675_LoneRosenkilde-300x150.jpg 300w, https:\/\/metvaerket.dk\/wp-content\/uploads\/2024\/08\/675_LoneRosenkilde-768x384.jpg 768w, https:\/\/metvaerket.dk\/wp-content\/uploads\/2024\/08\/675_LoneRosenkilde.jpg 1350w\" sizes=\"(max-width: 1024px) 100vw, 1024px\" \/><figcaption class=\"wp-element-caption\">&#8220;Alle fortjener et liv med sundhed i balance. Tak til Di\u00e6tist Lone Rosenkilde for st\u00f8tte og vejledning&#8221;&nbsp;<\/figcaption><\/figure>\n\n\n\n<div class=\"wp-block-buttons is-layout-flex wp-block-buttons-is-layout-flex\">\n<div class=\"wp-block-button is-style-outline\"><a class=\"wp-block-button__link wp-element-button\" href=\"https:\/\/lonerosenkilde.dk\/\" target=\"_blank\" rel=\"noreferrer noopener\">Lone Rosenkilde<\/a><\/div>\n<\/div>\n<\/div>\n\n\n\n<div class=\"wp-block-column is-layout-flow wp-container-core-column-layout-10 wp-block-column-is-layout-flow\">\n<figure class=\"wp-block-image size-large size-full\"><img loading=\"lazy\" decoding=\"async\" width=\"1024\" height=\"512\" src=\"https:\/\/metvaerket.dk\/wp-content\/uploads\/2024\/02\/675_LionsClubFrederikshavn-1024x512.jpg\" alt=\"\" class=\"wp-image-328\" srcset=\"https:\/\/metvaerket.dk\/wp-content\/uploads\/2024\/02\/675_LionsClubFrederikshavn-1024x512.jpg 1024w, https:\/\/metvaerket.dk\/wp-content\/uploads\/2024\/02\/675_LionsClubFrederikshavn-300x150.jpg 300w, https:\/\/metvaerket.dk\/wp-content\/uploads\/2024\/02\/675_LionsClubFrederikshavn-768x384.jpg 768w, https:\/\/metvaerket.dk\/wp-content\/uploads\/2024\/02\/675_LionsClubFrederikshavn.jpg 1350w\" sizes=\"(max-width: 1024px) 100vw, 1024px\" \/><figcaption class=\"wp-element-caption\">&#8220;Tak til Lions Club Frederikshavn for en fantastisk SPA-dag p\u00e5 Hotel Viking.&#8221;&nbsp;<\/figcaption><\/figure>\n\n\n\n<div class=\"wp-block-buttons is-layout-flex wp-block-buttons-is-layout-flex\">\n<div class=\"wp-block-button is-style-outline\"><a class=\"wp-block-button__link wp-element-button\" href=\"https:\/\/frederikshavn.lions.dk\/\" target=\"_blank\" rel=\"noreferrer noopener\">Lions Frederikshavn<\/a><\/div>\n<\/div>\n<\/div>\n\n\n\n<div class=\"wp-block-column is-layout-flow wp-container-core-column-layout-11 wp-block-column-is-layout-flow\">\n<figure class=\"wp-block-image size-large size-full\"><img loading=\"lazy\" decoding=\"async\" width=\"1024\" height=\"512\" src=\"https:\/\/metvaerket.dk\/wp-content\/uploads\/2024\/03\/675_FieMoelholtKB-1024x512.jpg\" alt=\"\" class=\"wp-image-718\" srcset=\"https:\/\/metvaerket.dk\/wp-content\/uploads\/2024\/03\/675_FieMoelholtKB-1024x512.jpg 1024w, https:\/\/metvaerket.dk\/wp-content\/uploads\/2024\/03\/675_FieMoelholtKB-300x150.jpg 300w, https:\/\/metvaerket.dk\/wp-content\/uploads\/2024\/03\/675_FieMoelholtKB-768x384.jpg 768w, https:\/\/metvaerket.dk\/wp-content\/uploads\/2024\/03\/675_FieMoelholtKB.jpg 1350w\" sizes=\"(max-width: 1024px) 100vw, 1024px\" \/><figcaption class=\"wp-element-caption\">&#8220;Tak til Fie M\u00f8lholt for hj\u00e6lp og st\u00f8tte til kaffeklubben i Frederikshavn.&#8221;<\/figcaption><\/figure>\n\n\n\n<div class=\"wp-block-buttons is-layout-flex wp-block-buttons-is-layout-flex\">\n<div class=\"wp-block-button is-style-outline\"><a class=\"wp-block-button__link wp-element-button\" href=\"https:\/\/lokalforeninger.cancer.dk\/lokalforeninger\/nordjylland\/frederikshavn-lokalforening\/\" target=\"_blank\" rel=\"noreferrer noopener\">KB Frederikshavn<\/a><\/div>\n<\/div>\n<\/div>\n<\/div>\n\n\n\n<div class=\"wp-block-columns alignwide is-layout-flex wp-container-core-columns-layout-6 wp-block-columns-is-layout-flex\" style=\"margin-top:0;margin-bottom:0\">\n<div class=\"wp-block-column is-layout-flow wp-container-core-column-layout-12 wp-block-column-is-layout-flow\">\n<div style=\"height:61px\" aria-hidden=\"true\" class=\"wp-block-spacer\"><\/div>\n<\/div>\n<\/div>\n\n\n\n<div class=\"wp-block-columns alignwide is-layout-flex wp-container-core-columns-layout-7 wp-block-columns-is-layout-flex\" style=\"margin-top:0;margin-bottom:0\">\n<div class=\"wp-block-column is-layout-flow wp-container-core-column-layout-13 wp-block-column-is-layout-flow\">\n<figure class=\"wp-block-image size-large size-full\"><img loading=\"lazy\" decoding=\"async\" width=\"1024\" height=\"512\" src=\"https:\/\/metvaerket.dk\/wp-content\/uploads\/2024\/02\/675_Grafiker-1-1024x512.jpg\" alt=\"\" class=\"wp-image-432\" srcset=\"https:\/\/metvaerket.dk\/wp-content\/uploads\/2024\/02\/675_Grafiker-1-1024x512.jpg 1024w, https:\/\/metvaerket.dk\/wp-content\/uploads\/2024\/02\/675_Grafiker-1-300x150.jpg 300w, https:\/\/metvaerket.dk\/wp-content\/uploads\/2024\/02\/675_Grafiker-1-768x384.jpg 768w, https:\/\/metvaerket.dk\/wp-content\/uploads\/2024\/02\/675_Grafiker-1.jpg 1350w\" sizes=\"(max-width: 1024px) 100vw, 1024px\" \/><figcaption class=\"wp-element-caption\">&#8220;Tak til vores fantastiske grafiker Andreas for hj\u00e6lp til hjemmeside og logo &#8211; og masser af st\u00f8tte og gode r\u00e5d!&#8221;<\/figcaption><\/figure>\n<\/div>\n\n\n\n<div class=\"wp-block-column is-layout-flow wp-container-core-column-layout-14 wp-block-column-is-layout-flow\">\n<figure class=\"wp-block-image size-large size-full\"><img loading=\"lazy\" decoding=\"async\" width=\"1024\" height=\"512\" src=\"https:\/\/metvaerket.dk\/wp-content\/uploads\/2024\/02\/675_Virksomhed-1024x512.jpg\" alt=\"\" class=\"wp-image-443\" srcset=\"https:\/\/metvaerket.dk\/wp-content\/uploads\/2024\/02\/675_Virksomhed-1024x512.jpg 1024w, https:\/\/metvaerket.dk\/wp-content\/uploads\/2024\/02\/675_Virksomhed-300x150.jpg 300w, https:\/\/metvaerket.dk\/wp-content\/uploads\/2024\/02\/675_Virksomhed-768x384.jpg 768w, https:\/\/metvaerket.dk\/wp-content\/uploads\/2024\/02\/675_Virksomhed.jpg 1350w\" sizes=\"(max-width: 1024px) 100vw, 1024px\" \/><\/figure>\n\n\n\n<div class=\"wp-block-buttons is-layout-flex wp-block-buttons-is-layout-flex\"><\/div>\n<\/div>\n\n\n\n<div class=\"wp-block-column is-layout-flow wp-container-core-column-layout-15 wp-block-column-is-layout-flow\">\n<div style=\"height:100px\" aria-hidden=\"true\" class=\"wp-block-spacer\"><\/div>\n<\/div>\n\n\n\n<div class=\"wp-block-column is-layout-flow wp-container-core-column-layout-16 wp-block-column-is-layout-flow\">\n<figure class=\"wp-block-image size-large size-full\"><img loading=\"lazy\" decoding=\"async\" width=\"1024\" height=\"512\" src=\"https:\/\/metvaerket.dk\/wp-content\/uploads\/2024\/02\/675_Virksomhed-1024x512.jpg\" alt=\"\" class=\"wp-image-443\" srcset=\"https:\/\/metvaerket.dk\/wp-content\/uploads\/2024\/02\/675_Virksomhed-1024x512.jpg 1024w, https:\/\/metvaerket.dk\/wp-content\/uploads\/2024\/02\/675_Virksomhed-300x150.jpg 300w, https:\/\/metvaerket.dk\/wp-content\/uploads\/2024\/02\/675_Virksomhed-768x384.jpg 768w, https:\/\/metvaerket.dk\/wp-content\/uploads\/2024\/02\/675_Virksomhed.jpg 1350w\" sizes=\"(max-width: 1024px) 100vw, 1024px\" \/><\/figure>\n\n\n\n<div class=\"wp-block-buttons is-layout-flex wp-block-buttons-is-layout-flex\"><\/div>\n<\/div>\n<\/div>\n\n\n\n<div class=\"wp-block-columns is-layout-flex wp-container-core-columns-layout-8 wp-block-columns-is-layout-flex\">\n<div class=\"wp-block-column is-layout-flow wp-block-column-is-layout-flow\"><\/div>\n<\/div>\n\n\n\n<div class=\"wp-block-columns is-layout-flex wp-container-core-columns-layout-9 wp-block-columns-is-layout-flex\">\n<div class=\"wp-block-column is-layout-flow wp-block-column-is-layout-flow\"><\/div>\n<\/div>\n\n\n\n<div class=\"wp-block-group alignfull has-raft-fg-alt-color has-raft-accent-background-color has-text-color has-background is-layout-constrained wp-container-core-group-layout-1 wp-block-group-is-layout-constrained\" style=\"margin-top:0px;margin-bottom:0px;padding-top:var(--wp--preset--spacing--80);padding-right:var(--wp--preset--spacing--40);padding-bottom:var(--wp--preset--spacing--80);padding-left:var(--wp--preset--spacing--40)\">\n<h2 class=\"wp-block-heading has-text-align-center has-raft-fg-alt-color has-text-color\">\u201dDet er ligegyldigt, om koppen er halvt tom eller halvt fyldt. Der er altid plads til mere kaffe.\u201d <\/h2>\n<\/div>\n","protected":false},"excerpt":{"rendered":"<p>Tak til MetV\u00e6rkets mission er at lave aktiviteter til gl\u00e6de og gavn for mennesker med uhelbredelig kr\u00e6ft og deres p\u00e5r\u00f8rende. Det kan vi ikke g\u00f8re uden hj\u00e6lp &#8211; Vi er [&hellip;]<\/p>\n","protected":false},"author":1,"featured_media":0,"parent":0,"menu_order":0,"comment_status":"closed","ping_status":"closed","template":"template-plain","meta":{"_EventAllDay":false,"_EventTimezone":"","_EventStartDate":"","_EventEndDate":"","_EventStartDateUTC":"","_EventEndDateUTC":"","_EventShowMap":false,"_EventShowMapLink":false,"_EventURL":"","_EventCost":"","_EventCostDescription":"","_EventCurrencySymbol":"","_EventCurrencyCode":"","_EventCurrencyPosition":"","_EventDateTimeSeparator":"","_EventTimeRangeSeparator":"","_EventOrganizerID":[],"_EventVenueID":[],"_OrganizerEmail":"","_OrganizerPhone":"","_OrganizerWebsite":"","_VenueAddress":"","_VenueCity":"","_VenueCountry":"","_VenueProvince":"","_VenueState":"","_VenueZip":"","_VenuePhone":"","_VenueURL":"","_VenueStateProvince":"","_VenueLat":"","_VenueLng":"","_VenueShowMap":false,"_VenueShowMapLink":false,"footnotes":""},"_links":{"self":[{"href":"https:\/\/metvaerket.dk\/index.php\/wp-json\/wp\/v2\/pages\/230"}],"collection":[{"href":"https:\/\/metvaerket.dk\/index.php\/wp-json\/wp\/v2\/pages"}],"about":[{"href":"https:\/\/metvaerket.dk\/index.php\/wp-json\/wp\/v2\/types\/page"}],"author":[{"embeddable":true,"href":"https:\/\/metvaerket.dk\/index.php\/wp-json\/wp\/v2\/users\/1"}],"replies":[{"embeddable":true,"href":"https:\/\/metvaerket.dk\/index.php\/wp-json\/wp\/v2\/comments?post=230"}],"version-history":[{"count":54,"href":"https:\/\/metvaerket.dk\/index.php\/wp-json\/wp\/v2\/pages\/230\/revisions"}],"predecessor-version":[{"id":812,"href":"https:\/\/metvaerket.dk\/index.php\/wp-json\/wp\/v2\/pages\/230\/revisions\/812"}],"wp:attachment":[{"href":"https:\/\/metvaerket.dk\/index.php\/wp-json\/wp\/v2\/media?parent=230"}],"curies":[{"name":"wp","href":"https:\/\/api.w.org\/{rel}","templated":true}]}}