{"id":340,"date":"2024-02-19T20:17:47","date_gmt":"2024-02-19T20:17:47","guid":{"rendered":"https:\/\/metvaerket.dk\/?page_id=340"},"modified":"2025-10-05T19:18:37","modified_gmt":"2025-10-05T17:18:37","slug":"holbaek","status":"publish","type":"page","link":"https:\/\/metvaerket.dk\/index.php\/holbaek\/","title":{"rendered":"Holb\u00e6k"},"content":{"rendered":"\n<h1 class=\"wp-block-heading has-text-align-left is-style-default\">Holb\u00e6k<\/h1>\n\n\n\n<h3 class=\"wp-block-heading\">I vores \u201ckaffeklub\u201d kan du m\u00f8de andre kvinder, der ogs\u00e5 lever med kronisk kr\u00e6ft.<\/h3>\n\n\n\n<div style=\"height:30px\" aria-hidden=\"true\" class=\"wp-block-spacer\"><\/div>\n\n\n\n<div style=\"height:30px\" aria-hidden=\"true\" class=\"wp-block-spacer\"><\/div>\n\n\n\n<div class=\"wp-block-group alignfull is-layout-flow wp-container-core-group-layout-3 wp-block-group-is-layout-flow\" style=\"margin-top:0px;margin-bottom:0px;padding-top:0px;padding-right:0px;padding-bottom:0px;padding-left:0px\">\n<div class=\"wp-block-columns are-vertically-aligned-center is-layout-flex wp-container-core-columns-layout-1 wp-block-columns-is-layout-flex\">\n<div class=\"wp-block-column is-vertically-aligned-center has-raft-bg-alt-background-color has-background is-layout-flow wp-block-column-is-layout-flow\" style=\"padding-top:32px;padding-right:32px;padding-bottom:32px;padding-left:32px\">\n<figure class=\"wp-block-image aligncenter size-full\"><img loading=\"lazy\" decoding=\"async\" width=\"1350\" height=\"1350\" src=\"https:\/\/metvaerket.dk\/wp-content\/uploads\/2024\/02\/MyFile_Kaffe_Aalborg.jpg\" alt=\"\" class=\"wp-image-318\" srcset=\"https:\/\/metvaerket.dk\/wp-content\/uploads\/2024\/02\/MyFile_Kaffe_Aalborg.jpg 1350w, https:\/\/metvaerket.dk\/wp-content\/uploads\/2024\/02\/MyFile_Kaffe_Aalborg-300x300.jpg 300w, https:\/\/metvaerket.dk\/wp-content\/uploads\/2024\/02\/MyFile_Kaffe_Aalborg-1024x1024.jpg 1024w, https:\/\/metvaerket.dk\/wp-content\/uploads\/2024\/02\/MyFile_Kaffe_Aalborg-150x150.jpg 150w, https:\/\/metvaerket.dk\/wp-content\/uploads\/2024\/02\/MyFile_Kaffe_Aalborg-768x768.jpg 768w\" sizes=\"(max-width: 1350px) 100vw, 1350px\" \/><\/figure>\n<\/div>\n\n\n\n<div class=\"wp-block-column is-vertically-aligned-center is-layout-flow wp-block-column-is-layout-flow\" style=\"padding-top:32px;padding-right:32px;padding-bottom:32px;padding-left:32px\">\n<div class=\"wp-block-group is-layout-constrained wp-container-core-group-layout-1 wp-block-group-is-layout-constrained\">\n<h2 class=\"wp-block-heading\">Kaffeklubben i Holb\u00e6k<\/h2>\n\n\n\n<p>Alvorlig livstruende sygdom f\u00f8rer mange tanker og f\u00f8lelser med sig. Det kan v\u00e6re en hj\u00e6lp at m\u00f8de andre i samme situation og udveksle erfaringer og oplevelser.<\/p>\n\n\n\n<p><strong>Bor du i n\u00e6rheden af Holb\u00e6k, og lyst til at v\u00e6re med i  kaffeklubben i Holb\u00e6k?<\/strong><\/p>\n\n\n\n<p>I kaffeklubben f\u00e5r du mulighed for at dele erfaringer, oplevelser, tanker og bekymringer med andre kvinder, der ogs\u00e5 lever med en kronisk kr\u00e6ftdiagnose.<\/p>\n\n\n\n<p>Det er helt gratis at v\u00e6re med i kaffeklubben \u2013 og du beh\u00f8ver ikke v\u00e6re medlem af foreningen MetV\u00e6rket.<\/p>\n\n\n\n<blockquote class=\"wp-block-quote is-style-plain has-custom-farve-1-background-color has-background has-normal-font-size\">\n<p><\/p>\n\n\n\n<p>Kaffeklubben i Holb\u00e6k m\u00f8des\u00a0<strong>1. onsdag i m\u00e5neden<\/strong>. <\/p>\n<cite><br><\/cite><\/blockquote>\n<\/div>\n<\/div>\n<\/div>\n\n\n\n<div class=\"wp-block-columns is-layout-flex wp-container-core-columns-layout-2 wp-block-columns-is-layout-flex\">\n<div class=\"wp-block-column is-vertically-aligned-top is-layout-flow wp-block-column-is-layout-flow\" style=\"padding-top:32px;padding-right:32px;padding-bottom:32px;padding-left:32px\">\n<div class=\"wp-block-group is-layout-constrained wp-container-core-group-layout-2 wp-block-group-is-layout-constrained\">\n<h2 class=\"wp-block-heading\">Kaffeklubben p\u00e5 Facebook<\/h2>\n\n\n\n<p>F\u00e5 kontakt til kaffeklubben via deres Facebook gruppe.  <\/p>\n\n\n\n<div class=\"wp-block-buttons is-layout-flex wp-block-buttons-is-layout-flex\">\n<div class=\"wp-block-button is-style-outline\"><a class=\"wp-block-button__link wp-element-button\" href=\"https:\/\/www.facebook.com\/groups\/1078119336755982\" target=\"_blank\" rel=\"noreferrer noopener\">Kaffeklubben i Holb\u00e6k P\u00e5 Facebook<\/a><\/div>\n<\/div>\n<\/div>\n\n\n\n<p>Facebook gruppen er <strong>KUN \u00e5ben for kvinder med metastatisk kr\u00e6ft<\/strong>.<\/p>\n<\/div>\n\n\n\n<div class=\"wp-block-column has-raft-bg-alt-background-color has-background is-layout-flow wp-block-column-is-layout-flow\" style=\"padding-top:32px;padding-right:32px;padding-bottom:32px;padding-left:32px\">\n<h2 class=\"wp-block-heading\">Kontakt Os<\/h2>\n\n\n\n<p>Eller Skriv\/ring til os hvis du vil h\u00f8re mere.<\/p>\n\n\n\n<div class=\"wp-block-buttons is-layout-flex wp-block-buttons-is-layout-flex\">\n<div class=\"wp-block-button is-style-outline\"><a class=\"wp-block-button__link wp-element-button\" href=\"mailto:Kontakt@metvaerket.dk\" target=\"_blank\" rel=\"noreferrer noopener\">Kontakt@MetVaerket.dk<\/a><\/div>\n<\/div>\n<\/div>\n<\/div>\n<\/div>\n\n\n\n<div class=\"wp-block-group alignfull is-layout-flow wp-container-core-group-layout-4 wp-block-group-is-layout-flow\" style=\"margin-top:0px;margin-bottom:0px;padding-top:0px;padding-right:0px;padding-bottom:0px;padding-left:0px\">\n<div class=\"wp-block-columns are-vertically-aligned-center is-layout-flex wp-container-core-columns-layout-3 wp-block-columns-is-layout-flex\">\n<div class=\"wp-block-column is-vertically-aligned-center is-layout-flow wp-block-column-is-layout-flow\" style=\"padding-top:32px;padding-right:32px;padding-bottom:32px;padding-left:32px\"><\/div>\n<\/div>\n<\/div>\n\n\n\n<div class=\"wp-block-group alignfull has-raft-fg-alt-color has-raft-accent-background-color has-text-color has-background is-layout-constrained wp-container-core-group-layout-5 wp-block-group-is-layout-constrained\" style=\"margin-top:0px;margin-bottom:0px;padding-top:var(--wp--preset--spacing--80);padding-right:var(--wp--preset--spacing--40);padding-bottom:var(--wp--preset--spacing--80);padding-left:var(--wp--preset--spacing--40)\">\n<h2 class=\"wp-block-heading has-text-align-center has-raft-fg-alt-color has-text-color\">\u201dLykken er ikke en destination, men en m\u00e5de at rejse p\u00e5.\u201d <\/h2>\n<\/div>\n","protected":false},"excerpt":{"rendered":"<p>Holb\u00e6k I vores \u201ckaffeklub\u201d kan du m\u00f8de andre kvinder, der ogs\u00e5 lever med kronisk kr\u00e6ft. Kaffeklubben i Holb\u00e6k Alvorlig livstruende sygdom f\u00f8rer mange tanker og f\u00f8lelser med sig. Det kan [&hellip;]<\/p>\n","protected":false},"author":1,"featured_media":0,"parent":0,"menu_order":0,"comment_status":"closed","ping_status":"closed","template":"template-plain","meta":{"_EventAllDay":false,"_EventTimezone":"","_EventStartDate":"","_EventEndDate":"","_EventStartDateUTC":"","_EventEndDateUTC":"","_EventShowMap":false,"_EventShowMapLink":false,"_EventURL":"","_EventCost":"","_EventCostDescription":"","_EventCurrencySymbol":"","_EventCurrencyCode":"","_EventCurrencyPosition":"","_EventDateTimeSeparator":"","_EventTimeRangeSeparator":"","_EventOrganizerID":[],"_EventVenueID":[],"_OrganizerEmail":"","_OrganizerPhone":"","_OrganizerWebsite":"","_VenueAddress":"","_VenueCity":"","_VenueCountry":"","_VenueProvince":"","_VenueState":"","_VenueZip":"","_VenuePhone":"","_VenueURL":"","_VenueStateProvince":"","_VenueLat":"","_VenueLng":"","_VenueShowMap":false,"_VenueShowMapLink":false,"footnotes":""},"_links":{"self":[{"href":"https:\/\/metvaerket.dk\/index.php\/wp-json\/wp\/v2\/pages\/340"}],"collection":[{"href":"https:\/\/metvaerket.dk\/index.php\/wp-json\/wp\/v2\/pages"}],"about":[{"href":"https:\/\/metvaerket.dk\/index.php\/wp-json\/wp\/v2\/types\/page"}],"author":[{"embeddable":true,"href":"https:\/\/metvaerket.dk\/index.php\/wp-json\/wp\/v2\/users\/1"}],"replies":[{"embeddable":true,"href":"https:\/\/metvaerket.dk\/index.php\/wp-json\/wp\/v2\/comments?post=340"}],"version-history":[{"count":22,"href":"https:\/\/metvaerket.dk\/index.php\/wp-json\/wp\/v2\/pages\/340\/revisions"}],"predecessor-version":[{"id":827,"href":"https:\/\/metvaerket.dk\/index.php\/wp-json\/wp\/v2\/pages\/340\/revisions\/827"}],"wp:attachment":[{"href":"https:\/\/metvaerket.dk\/index.php\/wp-json\/wp\/v2\/media?parent=340"}],"curies":[{"name":"wp","href":"https:\/\/api.w.org\/{rel}","templated":true}]}}