{"id":360,"date":"2024-02-19T21:03:59","date_gmt":"2024-02-19T21:03:59","guid":{"rendered":"https:\/\/metvaerket.dk\/?page_id=360"},"modified":"2024-03-07T20:43:06","modified_gmt":"2024-03-07T19:43:06","slug":"kaffeklubber","status":"publish","type":"page","link":"https:\/\/metvaerket.dk\/index.php\/kaffeklubber\/","title":{"rendered":"Kaffeklubber"},"content":{"rendered":"\n<h1 class=\"wp-block-heading has-text-align-left is-style-default\">Kaffeklubber<\/h1>\n\n\n\n<h3 class=\"wp-block-heading\">Uanset hvor du bor, er du formodentlig ikke den eneste, der er ramt af uhelbredelig kr\u00e6ft.<\/h3>\n\n\n\n<div style=\"height:30px\" aria-hidden=\"true\" class=\"wp-block-spacer\"><\/div>\n\n\n\n<div class=\"wp-block-group alignfull is-layout-flow wp-container-core-group-layout-3 wp-block-group-is-layout-flow\" style=\"margin-top:0px;margin-bottom:0px;padding-top:0px;padding-right:0px;padding-bottom:0px;padding-left:0px\">\n<div class=\"wp-block-columns is-layout-flex wp-container-core-columns-layout-1 wp-block-columns-is-layout-flex\">\n<div class=\"wp-block-column is-vertically-aligned-center has-raft-bg-alt-background-color has-background is-layout-flow wp-block-column-is-layout-flow\" style=\"padding-top:32px;padding-right:32px;padding-bottom:32px;padding-left:32px\">\n<figure class=\"wp-block-image aligncenter size-full\"><img loading=\"lazy\" decoding=\"async\" width=\"1350\" height=\"1350\" src=\"https:\/\/metvaerket.dk\/wp-content\/uploads\/2024\/02\/MyFile_Kaffe_Frederikshavn.jpg\" alt=\"\" class=\"wp-image-317\" srcset=\"https:\/\/metvaerket.dk\/wp-content\/uploads\/2024\/02\/MyFile_Kaffe_Frederikshavn.jpg 1350w, https:\/\/metvaerket.dk\/wp-content\/uploads\/2024\/02\/MyFile_Kaffe_Frederikshavn-300x300.jpg 300w, https:\/\/metvaerket.dk\/wp-content\/uploads\/2024\/02\/MyFile_Kaffe_Frederikshavn-1024x1024.jpg 1024w, https:\/\/metvaerket.dk\/wp-content\/uploads\/2024\/02\/MyFile_Kaffe_Frederikshavn-150x150.jpg 150w, https:\/\/metvaerket.dk\/wp-content\/uploads\/2024\/02\/MyFile_Kaffe_Frederikshavn-768x768.jpg 768w\" sizes=\"(max-width: 1350px) 100vw, 1350px\" \/><\/figure>\n<\/div>\n\n\n\n<div class=\"wp-block-column is-vertically-aligned-top is-layout-flow wp-block-column-is-layout-flow\" style=\"padding-top:32px;padding-right:32px;padding-bottom:32px;padding-left:32px\">\n<div class=\"wp-block-group is-layout-constrained wp-container-core-group-layout-1 wp-block-group-is-layout-constrained\">\n<h2 class=\"wp-block-heading\">Kaffeklubber og \u201cwalk-in-caf\u00e9er\u201d<\/h2>\n\n\n\n<p>Alvorlig livstruende sygdom f\u00f8rer mange tanker og f\u00f8lelser med sig. Det kan v\u00e6re en hj\u00e6lp at m\u00f8de andre i samme situation og udveksle erfaringer og oplevelser.<\/p>\n\n\n\n<p>I MetV\u00e6rket har vi b\u00e5de kaffeklubber og walk-in-caf\u00e9er.<\/p>\n\n\n\n<p>En kaffeklub er en gruppe kvinder, der m\u00f8des regelm\u00e6ssigt \u2013 enten hjemme eller \u201cude i byen\u201d. De aftaler selv hvor og hvorn\u00e5r de skal m\u00f8des og hvad de skal lave sammen.<\/p>\n\n\n\n<p>En \u201dwalk-in-caf\u00e9\u201d er \u00e5ben gruppe, der m\u00f8des en gang om m\u00e5neden. Kvinder, der m\u00f8des i walk-in-caf\u00e9en, danner ofte en ny kaffeklub, s\u00e5 de kan m\u00f8des oftere\/andre steder.<\/p>\n\n\n\n<p>Vi har kaffeklubber i:<\/p>\n\n\n\n<div class=\"wp-block-buttons is-layout-flex wp-block-buttons-is-layout-flex\">\n<div class=\"wp-block-button is-style-outline\"><a class=\"wp-block-button__link wp-element-button\" href=\"https:\/\/metvaerket.dk\/index.php\/aalborg\/\">Aalborg<\/a><\/div>\n\n\n\n<div class=\"wp-block-button is-style-outline\"><a class=\"wp-block-button__link wp-element-button\" href=\"https:\/\/metvaerket.dk\/index.php\/frederikshavn\/\">Frederikshavn<\/a><\/div>\n\n\n\n<div class=\"wp-block-button is-style-outline\"><a class=\"wp-block-button__link wp-element-button\" href=\"https:\/\/metvaerket.dk\/index.php\/holbaek\/\">Holb\u00e6k<\/a><\/div>\n<\/div>\n<\/div>\n<\/div>\n<\/div>\n\n\n\n<div class=\"wp-block-columns is-layout-flex wp-container-core-columns-layout-2 wp-block-columns-is-layout-flex\">\n<div class=\"wp-block-column is-vertically-aligned-top is-layout-flow wp-block-column-is-layout-flow\" style=\"padding-top:32px;padding-right:32px;padding-bottom:32px;padding-left:32px\">\n<div class=\"wp-block-group is-layout-constrained wp-container-core-group-layout-2 wp-block-group-is-layout-constrained\">\n<h2 class=\"wp-block-heading\">Du kan altid m\u00f8de nogen..<\/h2>\n\n\n\n<p>Alle &#8220;walk-in-caf\u00e9er&#8221; har en tovholder\/koordinator, der s\u00f8rger for:<\/p>\n\n\n\n<ul>\n<li>at caf\u00e9en er \u00e5ben<\/li>\n\n\n\n<li>at der er kaffe\/te p\u00e5 kanden<\/li>\n\n\n\n<li>at du altid vil kunne m\u00f8de nogen, der st\u00e5r i samme situation som dig.<\/li>\n<\/ul>\n<\/div>\n<\/div>\n\n\n\n<div class=\"wp-block-column has-raft-bg-alt-background-color has-background is-layout-flow wp-block-column-is-layout-flow\" style=\"padding-top:32px;padding-right:32px;padding-bottom:32px;padding-left:32px\">\n<h2 class=\"wp-block-heading\">Skal der ogs\u00e5 v\u00e6re en kaffeklub i din by?<\/h2>\n\n\n\n<p>I den udstr\u00e6kning vi har overskud til det, hj\u00e6lper vi gerne med at etablere nye kaffeklubber. Du beh\u00f8ver ikke v\u00e6re medlem af MetV\u00e6rket &#8211; og vores hj\u00e6lp er selvf\u00f8lgelig helt gratis.<\/p>\n\n\n\n<p><strong>Skriv\/ring til os hvis du syntes, der skal v\u00e6re en kaffeklub i din by.&nbsp;<\/strong><\/p>\n\n\n\n<div class=\"wp-block-buttons is-layout-flex wp-block-buttons-is-layout-flex\">\n<div class=\"wp-block-button is-style-outline\"><a class=\"wp-block-button__link wp-element-button\" href=\"mailto:kontakt@metvaerket.dk\" target=\"_blank\" rel=\"noreferrer noopener\">kontakt@metvaerket.dk<\/a><\/div>\n<\/div>\n<\/div>\n<\/div>\n<\/div>\n\n\n\n<div class=\"wp-block-group alignfull has-raft-fg-alt-color has-raft-accent-background-color has-text-color has-background is-layout-constrained wp-container-core-group-layout-4 wp-block-group-is-layout-constrained\" style=\"margin-top:0px;margin-bottom:0px;padding-top:var(--wp--preset--spacing--80);padding-right:var(--wp--preset--spacing--40);padding-bottom:var(--wp--preset--spacing--80);padding-left:var(--wp--preset--spacing--40)\">\n<h2 class=\"wp-block-heading has-text-align-center has-raft-fg-alt-color has-text-color\">\u201dLykken er ikke en destination, men en m\u00e5de at rejse p\u00e5.\u201d <\/h2>\n<\/div>\n","protected":false},"excerpt":{"rendered":"<p>Kaffeklubber Uanset hvor du bor, er du formodentlig ikke den eneste, der er ramt af uhelbredelig kr\u00e6ft. Kaffeklubber og \u201cwalk-in-caf\u00e9er\u201d Alvorlig livstruende sygdom f\u00f8rer mange tanker og f\u00f8lelser med sig. [&hellip;]<\/p>\n","protected":false},"author":1,"featured_media":0,"parent":0,"menu_order":0,"comment_status":"closed","ping_status":"closed","template":"template-plain","meta":{"_EventAllDay":false,"_EventTimezone":"","_EventStartDate":"","_EventEndDate":"","_EventStartDateUTC":"","_EventEndDateUTC":"","_EventShowMap":false,"_EventShowMapLink":false,"_EventURL":"","_EventCost":"","_EventCostDescription":"","_EventCurrencySymbol":"","_EventCurrencyCode":"","_EventCurrencyPosition":"","_EventDateTimeSeparator":"","_EventTimeRangeSeparator":"","_EventOrganizerID":[],"_EventVenueID":[],"_OrganizerEmail":"","_OrganizerPhone":"","_OrganizerWebsite":"","_VenueAddress":"","_VenueCity":"","_VenueCountry":"","_VenueProvince":"","_VenueState":"","_VenueZip":"","_VenuePhone":"","_VenueURL":"","_VenueStateProvince":"","_VenueLat":"","_VenueLng":"","_VenueShowMap":false,"_VenueShowMapLink":false,"footnotes":""},"_links":{"self":[{"href":"https:\/\/metvaerket.dk\/index.php\/wp-json\/wp\/v2\/pages\/360"}],"collection":[{"href":"https:\/\/metvaerket.dk\/index.php\/wp-json\/wp\/v2\/pages"}],"about":[{"href":"https:\/\/metvaerket.dk\/index.php\/wp-json\/wp\/v2\/types\/page"}],"author":[{"embeddable":true,"href":"https:\/\/metvaerket.dk\/index.php\/wp-json\/wp\/v2\/users\/1"}],"replies":[{"embeddable":true,"href":"https:\/\/metvaerket.dk\/index.php\/wp-json\/wp\/v2\/comments?post=360"}],"version-history":[{"count":7,"href":"https:\/\/metvaerket.dk\/index.php\/wp-json\/wp\/v2\/pages\/360\/revisions"}],"predecessor-version":[{"id":695,"href":"https:\/\/metvaerket.dk\/index.php\/wp-json\/wp\/v2\/pages\/360\/revisions\/695"}],"wp:attachment":[{"href":"https:\/\/metvaerket.dk\/index.php\/wp-json\/wp\/v2\/media?parent=360"}],"curies":[{"name":"wp","href":"https:\/\/api.w.org\/{rel}","templated":true}]}}