{"id":701,"date":"2024-03-07T22:03:45","date_gmt":"2024-03-07T21:03:45","guid":{"rendered":"https:\/\/metvaerket.dk\/?page_id=701"},"modified":"2024-03-07T23:35:40","modified_gmt":"2024-03-07T22:35:40","slug":"vil-du-hjaelpe-os","status":"publish","type":"page","link":"https:\/\/metvaerket.dk\/index.php\/vil-du-hjaelpe-os\/","title":{"rendered":"Vil du hj\u00e6lpe os?"},"content":{"rendered":"\n<h1 class=\"wp-block-heading has-text-align-left is-style-default\">Vil du hj\u00e6lpe os?<\/h1>\n\n\n\n<h3 class=\"wp-block-heading\">Vi vil gerne give kvinder, der er ramt af uhelbredelig kr\u00e6ft, s\u00e5 mange gode oplevelser og stjernestunder som muligt &#8211; Det kan vi ikke g\u00f8re uden hj\u00e6lp.<\/h3>\n\n\n\n<div class=\"wp-block-group alignfull is-layout-flow wp-container-core-group-layout-4 wp-block-group-is-layout-flow\" style=\"margin-top:0px;margin-bottom:0px;padding-top:0px;padding-right:0px;padding-bottom:0px;padding-left:0px\">\n<div class=\"wp-block-columns are-vertically-aligned-center is-layout-flex wp-container-core-columns-layout-3 wp-block-columns-is-layout-flex\">\n<div class=\"wp-block-column is-vertically-aligned-center is-layout-flow wp-block-column-is-layout-flow\" style=\"padding-top:32px;padding-right:32px;padding-bottom:32px;padding-left:32px\">\n<div class=\"wp-block-group alignfull is-layout-flow wp-container-core-group-layout-3 wp-block-group-is-layout-flow\" style=\"margin-top:0px;margin-bottom:0px;padding-top:0px;padding-right:0px;padding-bottom:0px;padding-left:0px\">\n<div class=\"wp-block-columns are-vertically-aligned-center is-layout-flex wp-container-core-columns-layout-1 wp-block-columns-is-layout-flex\">\n<div class=\"wp-block-column is-vertically-aligned-center is-layout-flow wp-block-column-is-layout-flow\" style=\"padding-top:32px;padding-right:32px;padding-bottom:32px;padding-left:32px\">\n<div class=\"wp-block-group is-layout-constrained wp-container-core-group-layout-1 wp-block-group-is-layout-constrained\">\n<p>Mange der rammes af uhelbredelig kr\u00e6ft rammes ogs\u00e5 \u00f8konomisk. Og s\u00e5 er der m\u00e5ske ikke r\u00e5d til et caf\u00e9 bes\u00f8g, en SPA-dag sammen med andre kvinder eller en tur i zoologisk have sammen med familien.<\/p>\n\n\n\n<p>Gode oplevelser beh\u00f8ver&nbsp;<em>ikke<\/em>&nbsp;at koste noget som helst. Men lidt ekstra fork\u00e6lelse, en dag med gode oplevelser i godt selskab giver mere energi og st\u00f8rre mentalt overskud. <\/p>\n<\/div>\n<\/div>\n\n\n\n<div class=\"wp-block-column is-vertically-aligned-center has-raft-bg-alt-background-color has-background is-layout-flow wp-block-column-is-layout-flow\" style=\"padding-top:32px;padding-right:32px;padding-bottom:32px;padding-left:32px\">\n<figure class=\"wp-block-image aligncenter size-full\"><img loading=\"lazy\" decoding=\"async\" width=\"1350\" height=\"675\" src=\"https:\/\/metvaerket.dk\/wp-content\/uploads\/2024\/02\/675_stjernestunder-1.jpg\" alt=\"\" class=\"wp-image-550\" srcset=\"https:\/\/metvaerket.dk\/wp-content\/uploads\/2024\/02\/675_stjernestunder-1.jpg 1350w, https:\/\/metvaerket.dk\/wp-content\/uploads\/2024\/02\/675_stjernestunder-1-300x150.jpg 300w, https:\/\/metvaerket.dk\/wp-content\/uploads\/2024\/02\/675_stjernestunder-1-1024x512.jpg 1024w, https:\/\/metvaerket.dk\/wp-content\/uploads\/2024\/02\/675_stjernestunder-1-768x384.jpg 768w\" sizes=\"(max-width: 1350px) 100vw, 1350px\" \/><\/figure>\n<\/div>\n<\/div>\n\n\n\n<div class=\"wp-block-columns is-layout-flex wp-container-core-columns-layout-2 wp-block-columns-is-layout-flex\">\n<div class=\"wp-block-column is-vertically-aligned-top is-layout-flow wp-block-column-is-layout-flow\" style=\"padding-top:32px;padding-right:32px;padding-bottom:32px;padding-left:32px\">\n<div class=\"wp-block-group is-layout-constrained wp-container-core-group-layout-2 wp-block-group-is-layout-constrained\">\n<h2 class=\"wp-block-heading\">Vi bruger ikke dine penge&#8230;<\/h2>\n\n\n\n<p>p\u00e5 administration, reklamer eller l\u00f8nninger. <\/p>\n\n\n\n<p><strong>Alle indt\u00e6gter<\/strong> fra donationer og st\u00f8ttemedlemmer g\u00e5r <strong>ubesk\u00e5ret<\/strong> til at lave aktiviteter for kvinder med uhelbredelig kr\u00e6ft og deres p\u00e5r\u00f8rende<\/p>\n<\/div>\n<\/div>\n\n\n\n<div class=\"wp-block-column has-raft-bg-alt-background-color has-background is-layout-flow wp-block-column-is-layout-flow\" style=\"padding-top:32px;padding-right:32px;padding-bottom:32px;padding-left:32px\">\n<h2 class=\"wp-block-heading\">Vi siger selvf\u00f8lgelig tak<\/h2>\n\n\n\n<p>Til alle der hj\u00e6lper\/st\u00f8tter os med et gratis link p\u00e5 vores hjemmeside. Skriv til os &#8211; hvis du vil h\u00f8re n\u00e6rmere. <\/p>\n\n\n\n<div class=\"wp-block-buttons is-layout-flex wp-block-buttons-is-layout-flex\">\n<div class=\"wp-block-button is-style-outline\"><a class=\"wp-block-button__link wp-element-button\" href=\"mailto:Kontakt@metvaerket.dk\" target=\"_blank\" rel=\"noreferrer noopener\">Kontakt@MetVaerket.dk<\/a><\/div>\n<\/div>\n<\/div>\n<\/div>\n<\/div>\n<\/div>\n<\/div>\n<\/div>\n\n\n\n<div style=\"height:30px\" aria-hidden=\"true\" class=\"wp-block-spacer\"><\/div>\n\n\n\n<div class=\"wp-block-group alignfull has-raft-fg-alt-color has-raft-accent-background-color has-text-color has-background is-layout-constrained wp-container-core-group-layout-5 wp-block-group-is-layout-constrained\" style=\"margin-top:0px;margin-bottom:0px;padding-top:var(--wp--preset--spacing--80);padding-right:var(--wp--preset--spacing--40);padding-bottom:var(--wp--preset--spacing--80);padding-left:var(--wp--preset--spacing--40)\">\n<h2 class=\"wp-block-heading has-text-align-center has-raft-fg-alt-color has-text-color\">\u201dVi ankommer ikke alle med det samme skib, men vi er alle i samme b\u00e5d.\u201d <\/h2>\n<\/div>\n","protected":false},"excerpt":{"rendered":"<p>Vil du hj\u00e6lpe os? Vi vil gerne give kvinder, der er ramt af uhelbredelig kr\u00e6ft, s\u00e5 mange gode oplevelser og stjernestunder som muligt &#8211; Det kan vi ikke g\u00f8re uden [&hellip;]<\/p>\n","protected":false},"author":1,"featured_media":0,"parent":0,"menu_order":0,"comment_status":"closed","ping_status":"closed","template":"template-plain","meta":{"_EventAllDay":false,"_EventTimezone":"","_EventStartDate":"","_EventEndDate":"","_EventStartDateUTC":"","_EventEndDateUTC":"","_EventShowMap":false,"_EventShowMapLink":false,"_EventURL":"","_EventCost":"","_EventCostDescription":"","_EventCurrencySymbol":"","_EventCurrencyCode":"","_EventCurrencyPosition":"","_EventDateTimeSeparator":"","_EventTimeRangeSeparator":"","_EventOrganizerID":[],"_EventVenueID":[],"_OrganizerEmail":"","_OrganizerPhone":"","_OrganizerWebsite":"","_VenueAddress":"","_VenueCity":"","_VenueCountry":"","_VenueProvince":"","_VenueState":"","_VenueZip":"","_VenuePhone":"","_VenueURL":"","_VenueStateProvince":"","_VenueLat":"","_VenueLng":"","_VenueShowMap":false,"_VenueShowMapLink":false,"footnotes":""},"_links":{"self":[{"href":"https:\/\/metvaerket.dk\/index.php\/wp-json\/wp\/v2\/pages\/701"}],"collection":[{"href":"https:\/\/metvaerket.dk\/index.php\/wp-json\/wp\/v2\/pages"}],"about":[{"href":"https:\/\/metvaerket.dk\/index.php\/wp-json\/wp\/v2\/types\/page"}],"author":[{"embeddable":true,"href":"https:\/\/metvaerket.dk\/index.php\/wp-json\/wp\/v2\/users\/1"}],"replies":[{"embeddable":true,"href":"https:\/\/metvaerket.dk\/index.php\/wp-json\/wp\/v2\/comments?post=701"}],"version-history":[{"count":16,"href":"https:\/\/metvaerket.dk\/index.php\/wp-json\/wp\/v2\/pages\/701\/revisions"}],"predecessor-version":[{"id":757,"href":"https:\/\/metvaerket.dk\/index.php\/wp-json\/wp\/v2\/pages\/701\/revisions\/757"}],"wp:attachment":[{"href":"https:\/\/metvaerket.dk\/index.php\/wp-json\/wp\/v2\/media?parent=701"}],"curies":[{"name":"wp","href":"https:\/\/api.w.org\/{rel}","templated":true}]}}