{"id":88,"date":"2024-02-01T01:44:23","date_gmt":"2024-02-01T01:44:23","guid":{"rendered":"https:\/\/metvaerket.dk\/?page_id=88"},"modified":"2025-10-05T19:19:49","modified_gmt":"2025-10-05T17:19:49","slug":"aalborg","status":"publish","type":"page","link":"https:\/\/metvaerket.dk\/index.php\/aalborg\/","title":{"rendered":"Aalborg"},"content":{"rendered":"\n<h1 class=\"wp-block-heading has-text-align-left is-style-default\">Aalborg<\/h1>\n\n\n\n<p class=\"has-text-align-left has-large-font-size\">I vores \u201cwalk-in-caf\u00e9\u201d kan du m\u00f8de andre kvinder, der ogs\u00e5 lever med kronisk kr\u00e6ft.<\/p>\n\n\n\n<div style=\"height:30px\" aria-hidden=\"true\" class=\"wp-block-spacer\"><\/div>\n\n\n\n<div style=\"height:30px\" aria-hidden=\"true\" class=\"wp-block-spacer\"><\/div>\n\n\n\n<div class=\"wp-block-group alignfull is-layout-flow wp-container-core-group-layout-3 wp-block-group-is-layout-flow\" style=\"margin-top:0px;margin-bottom:0px;padding-top:0px;padding-right:0px;padding-bottom:0px;padding-left:0px\">\n<div class=\"wp-block-columns are-vertically-aligned-center is-layout-flex wp-container-core-columns-layout-1 wp-block-columns-is-layout-flex\">\n<div class=\"wp-block-column is-vertically-aligned-center has-raft-bg-alt-background-color has-background is-layout-flow wp-block-column-is-layout-flow\" style=\"padding-top:32px;padding-right:32px;padding-bottom:32px;padding-left:32px\">\n<figure class=\"wp-block-image aligncenter size-full\"><img loading=\"lazy\" decoding=\"async\" width=\"1350\" height=\"1350\" src=\"https:\/\/metvaerket.dk\/wp-content\/uploads\/2024\/02\/MyFile_Kaffe_Aalborg.jpg\" alt=\"\" class=\"wp-image-318\" srcset=\"https:\/\/metvaerket.dk\/wp-content\/uploads\/2024\/02\/MyFile_Kaffe_Aalborg.jpg 1350w, https:\/\/metvaerket.dk\/wp-content\/uploads\/2024\/02\/MyFile_Kaffe_Aalborg-300x300.jpg 300w, https:\/\/metvaerket.dk\/wp-content\/uploads\/2024\/02\/MyFile_Kaffe_Aalborg-1024x1024.jpg 1024w, https:\/\/metvaerket.dk\/wp-content\/uploads\/2024\/02\/MyFile_Kaffe_Aalborg-150x150.jpg 150w, https:\/\/metvaerket.dk\/wp-content\/uploads\/2024\/02\/MyFile_Kaffe_Aalborg-768x768.jpg 768w\" sizes=\"(max-width: 1350px) 100vw, 1350px\" \/><\/figure>\n<\/div>\n\n\n\n<div class=\"wp-block-column is-vertically-aligned-center is-layout-flow wp-block-column-is-layout-flow\" style=\"padding-top:32px;padding-right:32px;padding-bottom:32px;padding-left:32px\">\n<div class=\"wp-block-group is-layout-constrained wp-container-core-group-layout-1 wp-block-group-is-layout-constrained\">\n<h2 class=\"wp-block-heading\"><strong>Kaffeklubben i Aalborg<\/strong><\/h2>\n\n\n\n<ul>\n<li>Hygge<\/li>\n\n\n\n<li>Sammenhold<\/li>\n\n\n\n<li>Forst\u00e5else<\/li>\n<\/ul>\n\n\n\n<p>Har du lyst til at blive m\u00f8dt i det, der fylder i livet, n\u00e5r man har en kronisk kr\u00e6ftdiagnose? Det kan v\u00e6re \u00f8konomi, behandling, b\u00f8rn, venskaber og familie \u2013 eller bekymringer for fremtiden.<\/p>\n\n\n\n<blockquote class=\"wp-block-quote is-style-plain has-custom-farve-1-background-color has-background has-normal-font-size\">\n<p>Vi m\u00f8des den\u00a0<strong>1. torsdag i m\u00e5neden<\/strong>. <\/p>\n\n\n\n<p><strong>Kl. 13:00 \u2013 15:00<\/strong> <br>hos Kr\u00e6ftr\u00e5dgivningen \u2013 Steenstrupsvej 1, 9000 Aalborg. <\/p>\n<\/blockquote>\n\n\n\n<p>Du beh\u00f8ver ikke at tilmelde dig, du m\u00f8der bare op!<\/p>\n<\/div>\n<\/div>\n<\/div>\n\n\n\n<div class=\"wp-block-columns are-vertically-aligned-center is-layout-flex wp-container-core-columns-layout-2 wp-block-columns-is-layout-flex\">\n<div class=\"wp-block-column is-vertically-aligned-center is-layout-flow wp-block-column-is-layout-flow\" style=\"padding-top:32px;padding-right:32px;padding-bottom:32px;padding-left:32px\">\n<div class=\"wp-block-group is-layout-constrained wp-container-core-group-layout-2 wp-block-group-is-layout-constrained\">\n<h2 class=\"wp-block-heading\"><strong>Kontakt<\/strong><\/h2>\n\n\n\n<p><strong>Kaffeklubben i Aalborg<\/strong><\/p>\n\n\n\n<p>Koordinator: Tina<\/p>\n\n\n\n<p>Skriv til: tina@metvaerket.dk<\/p>\n\n\n\n<p>Ring til: 50 80 88 80<\/p>\n<\/div>\n<\/div>\n\n\n\n<div class=\"wp-block-column is-vertically-aligned-center has-raft-bg-alt-background-color has-background is-layout-flow wp-block-column-is-layout-flow\" style=\"padding-top:32px;padding-right:32px;padding-bottom:32px;padding-left:32px\">\n<figure class=\"wp-block-image aligncenter size-full is-style-rounded\"><img loading=\"lazy\" decoding=\"async\" width=\"1350\" height=\"1350\" src=\"https:\/\/metvaerket.dk\/wp-content\/uploads\/2024\/07\/MyFile_Tina1350.jpg\" alt=\"\" class=\"wp-image-802\" srcset=\"https:\/\/metvaerket.dk\/wp-content\/uploads\/2024\/07\/MyFile_Tina1350.jpg 1350w, https:\/\/metvaerket.dk\/wp-content\/uploads\/2024\/07\/MyFile_Tina1350-300x300.jpg 300w, https:\/\/metvaerket.dk\/wp-content\/uploads\/2024\/07\/MyFile_Tina1350-1024x1024.jpg 1024w, https:\/\/metvaerket.dk\/wp-content\/uploads\/2024\/07\/MyFile_Tina1350-150x150.jpg 150w, https:\/\/metvaerket.dk\/wp-content\/uploads\/2024\/07\/MyFile_Tina1350-768x768.jpg 768w\" sizes=\"(max-width: 1350px) 100vw, 1350px\" \/><\/figure>\n<\/div>\n<\/div>\n<\/div>\n\n\n\n<div class=\"wp-block-group alignfull is-layout-flow wp-container-core-group-layout-5 wp-block-group-is-layout-flow\" style=\"margin-top:0px;margin-bottom:0px;padding-top:0px;padding-right:0px;padding-bottom:0px;padding-left:0px\">\n<div class=\"wp-block-group alignfull has-raft-fg-alt-color has-raft-accent-background-color has-text-color has-background is-layout-constrained wp-container-core-group-layout-4 wp-block-group-is-layout-constrained\" style=\"margin-top:0px;margin-bottom:0px;padding-top:var(--wp--preset--spacing--80);padding-right:var(--wp--preset--spacing--40);padding-bottom:var(--wp--preset--spacing--80);padding-left:var(--wp--preset--spacing--40)\">\n<h2 class=\"wp-block-heading has-text-align-center has-raft-fg-alt-color has-text-color\">\u201dLev, som du kan, hvis du ikke kan leve, som du vil.\u201d <\/h2>\n<\/div>\n<\/div>\n","protected":false},"excerpt":{"rendered":"<p>Aalborg I vores \u201cwalk-in-caf\u00e9\u201d kan du m\u00f8de andre kvinder, der ogs\u00e5 lever med kronisk kr\u00e6ft. Kaffeklubben i Aalborg Har du lyst til at blive m\u00f8dt i det, der fylder i [&hellip;]<\/p>\n","protected":false},"author":1,"featured_media":0,"parent":0,"menu_order":0,"comment_status":"closed","ping_status":"closed","template":"template-plain","meta":{"_EventAllDay":false,"_EventTimezone":"","_EventStartDate":"","_EventEndDate":"","_EventStartDateUTC":"","_EventEndDateUTC":"","_EventShowMap":false,"_EventShowMapLink":false,"_EventURL":"","_EventCost":"","_EventCostDescription":"","_EventCurrencySymbol":"","_EventCurrencyCode":"","_EventCurrencyPosition":"","_EventDateTimeSeparator":"","_EventTimeRangeSeparator":"","_EventOrganizerID":[],"_EventVenueID":[],"_OrganizerEmail":"","_OrganizerPhone":"","_OrganizerWebsite":"","_VenueAddress":"","_VenueCity":"","_VenueCountry":"","_VenueProvince":"","_VenueState":"","_VenueZip":"","_VenuePhone":"","_VenueURL":"","_VenueStateProvince":"","_VenueLat":"","_VenueLng":"","_VenueShowMap":false,"_VenueShowMapLink":false,"footnotes":""},"_links":{"self":[{"href":"https:\/\/metvaerket.dk\/index.php\/wp-json\/wp\/v2\/pages\/88"}],"collection":[{"href":"https:\/\/metvaerket.dk\/index.php\/wp-json\/wp\/v2\/pages"}],"about":[{"href":"https:\/\/metvaerket.dk\/index.php\/wp-json\/wp\/v2\/types\/page"}],"author":[{"embeddable":true,"href":"https:\/\/metvaerket.dk\/index.php\/wp-json\/wp\/v2\/users\/1"}],"replies":[{"embeddable":true,"href":"https:\/\/metvaerket.dk\/index.php\/wp-json\/wp\/v2\/comments?post=88"}],"version-history":[{"count":49,"href":"https:\/\/metvaerket.dk\/index.php\/wp-json\/wp\/v2\/pages\/88\/revisions"}],"predecessor-version":[{"id":828,"href":"https:\/\/metvaerket.dk\/index.php\/wp-json\/wp\/v2\/pages\/88\/revisions\/828"}],"wp:attachment":[{"href":"https:\/\/metvaerket.dk\/index.php\/wp-json\/wp\/v2\/media?parent=88"}],"curies":[{"name":"wp","href":"https:\/\/api.w.org\/{rel}","templated":true}]}}